{"id":140,"date":"2025-05-23T11:25:45","date_gmt":"2025-05-23T17:25:45","guid":{"rendered":"https:\/\/www.sospuravida.com\/?page_id=140"},"modified":"2025-11-28T11:33:33","modified_gmt":"2025-11-28T17:33:33","slug":"sos-pura-vida","status":"publish","type":"page","link":"https:\/\/www.sospuravida.com\/?page_id=140","title":{"rendered":"PYME COSTA RICA"},"content":{"rendered":"\n<div style=\"border:2px solid #4CAF50; border-radius:12px; padding:20px; max-width:600px; font-family:Arial, sans-serif; background:#f9f9f9; box-shadow:0 4px 8px rgba(0,0,0,0.1);\">\n  <h2 style=\"color:#2E7D32; text-align:center;\">\ud83d\udcc8 Curso Gratuito: Encadenamiento de Pymes<\/h2>\n  \n  <p style=\"font-size:16px; line-height:1.5;\">\n    \ud83c\udfaf <strong>Dirigido a:<\/strong> Sector Pyme, Cooperativas, Asociaciones de Desarrollo Integral y comunidades organizadas.<br>\n    \ud83d\uddd3\ufe0f <strong>Inicio:<\/strong> 7 de abril 2026<br>\n    \ud83d\udcbb\ud83c\udfe2 <strong>Modalidad:<\/strong> Virtual y Presencial con enfoque en comercio u organizaci\u00f3n.<br>\n    \u23f1\ufe0f <strong>Duraci\u00f3n:<\/strong> 48 semanas<br>\n    \ud83d\udcb0 <strong>Costo:<\/strong> 100% GRATUITO\n  <\/p>\n\n  <p style=\"font-size:16px; line-height:1.5;\">\n    \ud83c\udf93 <strong>Objetivo:<\/strong> Encadenamiento de Pymes y fortalecimiento de redes productivas.<br>\n    \ud83d\udcdc <strong>Certificado:<\/strong> Se entrega certificado de participaci\u00f3n.<br>\n    \ud83d\udc65 <strong>Convivio:<\/strong> Al finalizar el curso se realizar\u00e1 un convivio para compartir con todos los integrantes.\n  <\/p>\n\n  <p style=\"font-size:16px; line-height:1.5;\">\n    \ud83d\udc64 <strong>Moderador:<\/strong> Luis Alejandro Porras V<br>\n    \ud83d\udd39 Analista de planes de negocios y formador de proyectos semilla.<br>\n    \ud83d\udd39 Experto en comercio electr\u00f3nico.<br>\n    \ud83d\udd39 CEO &#038; CTO de <strong>SOS PURA VIDA.COM<\/strong>\n  <\/p>\n<\/div>\n\n.\n\n\n\n\n<p><\/p>\n\n\n\n<p><\/p>\n\n\n<div class=\"frm_forms  with_frm_style frm_style_estilo-de-formidable\" id=\"frm_form_2_container\" data-token=\"219a91d98fe3ad72021dd24c1e405df6\">\n<form enctype=\"multipart\/form-data\" method=\"post\" class=\"frm-show-form  frm_pro_form \" id=\"form_contact-us\" data-token=\"219a91d98fe3ad72021dd24c1e405df6\">\n<div class=\"frm_form_fields \">\n<fieldset>\n<legend class=\"frm_screen_reader\">Contact Us<\/legend>\r\n\r\n<div class=\"frm_fields_container\">\n<input type=\"hidden\" name=\"frm_action\" value=\"create\" \/>\n<input type=\"hidden\" name=\"form_id\" value=\"2\" \/>\n<input type=\"hidden\" name=\"frm_hide_fields_2\" id=\"frm_hide_fields_2\" value=\"\" \/>\n<input type=\"hidden\" name=\"form_key\" value=\"contact-us\" \/>\n<input type=\"hidden\" name=\"item_meta[0]\" value=\"\" \/>\n<input type=\"hidden\" id=\"frm_submit_entry_2\" name=\"frm_submit_entry_2\" value=\"6844ec8ecc\" \/><input type=\"hidden\" name=\"_wp_http_referer\" value=\"\/index.php?rest_route=%2Fwp%2Fv2%2Fpages%2F140\" \/><div id=\"frm_field_6_container\" class=\"frm_form_field form-field  frm_required_field frm_top_container frm6 frm_first\">\n\t<label for=\"field_qh4icy2\" id=\"field_qh4icy2_label\" class=\"frm_primary_label\">NOMBRE\n\t\t<span class=\"frm_required\" aria-hidden=\"true\">*<\/span>\n\t<\/label>\n\t<input  type=\"text\" id=\"field_qh4icy2\" name=\"item_meta[6]\" value=\"\"  data-reqmsg=\"NOMBRE no puede estar en blanco.\" aria-required=\"true\" data-invmsg=\"NOMBRE no es v\u00e1lido\" aria-invalid=\"false\"   aria-describedby=\"frm_desc_field_qh4icy2\" \/>\n\t<div class=\"frm_description\" id=\"frm_desc_field_qh4icy2\">Mi nombre<\/div>\n\t\n<\/div>\n<div id=\"frm_field_7_container\" class=\"frm_form_field form-field  frm_required_field frm_hidden_container frm6\">\n\t<label for=\"field_ocfup12\" id=\"field_ocfup12_label\" class=\"frm_primary_label\">APELLIDO\n\t\t<span class=\"frm_required\" aria-hidden=\"true\">*<\/span>\n\t<\/label>\n\t<input  type=\"text\" id=\"field_ocfup12\" name=\"item_meta[7]\" value=\"\"  data-reqmsg=\"APELLIDO no puede estar en blanco.\" aria-required=\"true\" data-invmsg=\"APELLIDO no es v\u00e1lido\" aria-invalid=\"false\"   aria-describedby=\"frm_desc_field_ocfup12\" \/>\n\t<div class=\"frm_description\" id=\"frm_desc_field_ocfup12\">Mis dos apellidos<\/div>\n\t\n<\/div>\n<div id=\"frm_field_17_container\" class=\"frm_form_field form-field  frm_required_field frm_top_container frm4 frm_first\">\n\t<label for=\"field_7yojw\" id=\"field_7yojw_label\" class=\"frm_primary_label\">Direcci\u00f3n del Pyme\n\t\t<span class=\"frm_required\" aria-hidden=\"true\">*<\/span>\n\t<\/label>\n\t<input  type=\"text\" id=\"field_7yojw\" name=\"item_meta[17]\" value=\"\"  data-reqmsg=\"Direcci\u00f3n del Pyme no puede estar en blanco.\" aria-required=\"true\" data-invmsg=\"Direcci\u00f3n del Pyme no es v\u00e1lido\" aria-invalid=\"false\"   aria-describedby=\"frm_desc_field_7yojw\" \/>\n\t<div class=\"frm_description\" id=\"frm_desc_field_7yojw\">Ponga la direcci\u00f3n de su Pymes<\/div>\n\t\n<\/div>\n<div id=\"frm_field_18_container\" class=\"frm_form_field form-field  frm_required_field frm_top_container frm4\">\n\t<label for=\"field_lyetr\" id=\"field_lyetr_label\" class=\"frm_primary_label\">Cant\u00f3n\n\t\t<span class=\"frm_required\" aria-hidden=\"true\">*<\/span>\n\t<\/label>\n\t<input  type=\"text\" id=\"field_lyetr\" name=\"item_meta[18]\" value=\"\"  style=\"width:25%\" data-reqmsg=\"Cant\u00f3n no puede estar en blanco.\" aria-required=\"true\" data-invmsg=\"Cant\u00f3n no es v\u00e1lido\" class=\"auto_width\" aria-invalid=\"false\"   aria-describedby=\"frm_desc_field_lyetr\" \/>\n\t<div class=\"frm_description\" id=\"frm_desc_field_lyetr\">Ponga el Cant\u00f3n al que pertenece<\/div>\n\t\n<\/div>\n<div id=\"frm_field_19_container\" class=\"frm_form_field form-field  frm_required_field frm_top_container frm4\">\n\t<label for=\"field_q9kzq\" id=\"field_q9kzq_label\" class=\"frm_primary_label\">Dsitrito\n\t\t<span class=\"frm_required\" aria-hidden=\"true\">*<\/span>\n\t<\/label>\n\t<input  type=\"text\" id=\"field_q9kzq\" name=\"item_meta[19]\" value=\"\"  data-reqmsg=\"Dsitrito no puede estar en blanco.\" aria-required=\"true\" data-invmsg=\"Dsitrito no es v\u00e1lido\" aria-invalid=\"false\"   aria-describedby=\"frm_desc_field_q9kzq\" \/>\n\t<div class=\"frm_description\" id=\"frm_desc_field_q9kzq\">Ponga el Distrito al que pertenece<\/div>\n\t\n<\/div>\n<div id=\"frm_field_12_container\" class=\"frm_form_field form-field  frm_required_field frm_top_container frm6 frm_first\">\n\t<label for=\"field_hyy4l\" id=\"field_hyy4l_label\" class=\"frm_primary_label\">Tel\u00e9fono\n\t\t<span class=\"frm_required\" aria-hidden=\"true\">*<\/span>\n\t<\/label>\n\t<input type=\"tel\" id=\"field_hyy4l\" name=\"item_meta[12]\" value=\"\"  data-reqmsg=\"Tel\u00e9fono no puede estar en blanco.\" aria-required=\"true\" data-invmsg=\"Tel\u00e9fono no es v\u00e1lido\" class=\"frm-intl-tel-input\" aria-invalid=\"false\" pattern=\"\\+?\\d{1,4}[\\s\\-]?(?:\\(\\d{1,3}\\)[\\s\\-]?)?\\d{1,4}[\\s\\-]?\\d{1,4}[\\s\\-]?\\d{1,4}$\"   aria-describedby=\"frm_desc_field_hyy4l\"\/>\n\t<div class=\"frm_description\" id=\"frm_desc_field_hyy4l\">Ponga su n\u00famero de WhatsApp para agregarlo a un Grupo de WhastApp del grupo Pyme<\/div>\n\t\n<\/div>\n<div id=\"frm_field_8_container\" class=\"frm_form_field form-field  frm_required_field frm_top_container frm6\">\n\t<label for=\"field_29yf4d2\" id=\"field_29yf4d2_label\" class=\"frm_primary_label\">Email\n\t\t<span class=\"frm_required\" aria-hidden=\"true\">*<\/span>\n\t<\/label>\n\t<input type=\"email\" id=\"field_29yf4d2\" name=\"item_meta[8]\" value=\"\"  data-reqmsg=\"Email no puede estar en blanco.\" aria-required=\"true\" data-invmsg=\"Please enter a valid email address\" aria-invalid=\"false\"   aria-describedby=\"frm_desc_field_29yf4d2\"\/>\n\t<div class=\"frm_description\" id=\"frm_desc_field_29yf4d2\">Ponga su correo electronico donde llegara su usuario y contrase\u00f1a para el curso y donde se enviara el tutulo al final del curso<\/div>\n\t\n<\/div>\n<div id=\"frm_field_13_container\" class=\"frm_form_field form-field  frm_required_field frm_top_container frm6 frm_first vertical_radio\">\n\t<div  id=\"field_52158a_label\" class=\"frm_primary_label\">REFERIDO POR:\n\t\t<span class=\"frm_required\" aria-hidden=\"true\">*<\/span>\n\t<\/div>\n\t<div class=\"frm_opt_container\" aria-labelledby=\"field_52158a_label\" role=\"group\">\t\t<div class=\"frm_checkbox\" id=\"frm_checkbox_13-0\">\t\t\t<label  for=\"field_52158a-0\">\n\t\t\t<input type=\"checkbox\" name=\"item_meta[13][]\" id=\"field_52158a-0\" value=\"MUNICIPALIDAD SAN JOS\u00c9\"  data-reqmsg=\"REFERIDO POR: no puede estar en blanco.\" data-invmsg=\"REFERIDO POR: no es v\u00e1lido\"   aria-required=\"true\"  \/> MUNICIPALIDAD SAN JOS\u00c9<\/label><\/div>\n\t\t<div class=\"frm_checkbox\" id=\"frm_checkbox_13-5\">\t\t\t<label  for=\"field_52158a-5\">\n\t\t\t<input type=\"checkbox\" name=\"item_meta[13][]\" id=\"field_52158a-5\" value=\"MUNICIPALIDAD PUERTO JIMENEZ\"  data-reqmsg=\"REFERIDO POR: no puede estar en blanco.\" data-invmsg=\"REFERIDO POR: no es v\u00e1lido\"   \/> MUNICIPALIDAD PUERTO JIMENEZ<\/label><\/div>\n\t\t<div class=\"frm_checkbox\" id=\"frm_checkbox_13-6\">\t\t\t<label  for=\"field_52158a-6\">\n\t\t\t<input type=\"checkbox\" name=\"item_meta[13][]\" id=\"field_52158a-6\" value=\"MUNICIPALIDAD DE DESAMPARADOS\"  data-reqmsg=\"REFERIDO POR: no puede estar en blanco.\" data-invmsg=\"REFERIDO POR: no es v\u00e1lido\"   \/> MUNICIPALIDAD DE DESAMPARADOS<\/label><\/div>\n\t\t<div class=\"frm_checkbox\" id=\"frm_checkbox_13-1\">\t\t\t<label  for=\"field_52158a-1\">\n\t\t\t<input type=\"checkbox\" name=\"item_meta[13][]\" id=\"field_52158a-1\" value=\"COOPE SAN RAM\u00d3N\"  data-reqmsg=\"REFERIDO POR: no puede estar en blanco.\" data-invmsg=\"REFERIDO POR: no es v\u00e1lido\"   \/> COOPE SAN RAM\u00d3N<\/label><\/div>\n\t\t<div class=\"frm_checkbox\" id=\"frm_checkbox_13-9\">\t\t\t<label  for=\"field_52158a-9\">\n\t\t\t<input type=\"checkbox\" name=\"item_meta[13][]\" id=\"field_52158a-9\" value=\"COOPENAE\"  data-reqmsg=\"REFERIDO POR: no puede estar en blanco.\" data-invmsg=\"REFERIDO POR: no es v\u00e1lido\"   \/> COOPENAE<\/label><\/div>\n\t\t<div class=\"frm_checkbox\" id=\"frm_checkbox_13-4\">\t\t\t<label  for=\"field_52158a-4\">\n\t\t\t<input type=\"checkbox\" name=\"item_meta[13][]\" id=\"field_52158a-4\" value=\"BANCO NACIONAL\"  data-reqmsg=\"REFERIDO POR: no puede estar en blanco.\" data-invmsg=\"REFERIDO POR: no es v\u00e1lido\"   \/> BANCO NACIONAL<\/label><\/div>\n\t\t<div class=\"frm_checkbox\" id=\"frm_checkbox_13-3\">\t\t\t<label  for=\"field_52158a-3\">\n\t\t\t<input type=\"checkbox\" name=\"item_meta[13][]\" id=\"field_52158a-3\" value=\"BANCO POPULAR\"  data-reqmsg=\"REFERIDO POR: no puede estar en blanco.\" data-invmsg=\"REFERIDO POR: no es v\u00e1lido\"   \/> BANCO POPULAR<\/label><\/div>\n\t\t<div class=\"frm_checkbox\" id=\"frm_checkbox_13-2\">\t\t\t<label  for=\"field_52158a-2\">\n\t\t\t<input type=\"checkbox\" name=\"item_meta[13][]\" id=\"field_52158a-2\" value=\"C\u00c1MARA DE COMERCIO SAN RAMON\"  data-reqmsg=\"REFERIDO POR: no puede estar en blanco.\" data-invmsg=\"REFERIDO POR: no es v\u00e1lido\"   \/> C\u00c1MARA DE COMERCIO SAN RAMON<\/label><\/div>\n\t\t<div class=\"frm_checkbox\" id=\"frm_checkbox_13-7\">\t\t\t<label  for=\"field_52158a-7\">\n\t\t\t<input type=\"checkbox\" name=\"item_meta[13][]\" id=\"field_52158a-7\" value=\"C\u00c1MARA DE COMERCIO NARANJO\"  data-reqmsg=\"REFERIDO POR: no puede estar en blanco.\" data-invmsg=\"REFERIDO POR: no es v\u00e1lido\"   \/> C\u00c1MARA DE COMERCIO NARANJO<\/label><\/div>\n\t\t<div class=\"frm_checkbox\" id=\"frm_checkbox_13-8\">\t\t\t<label  for=\"field_52158a-8\">\n\t\t\t<input type=\"checkbox\" name=\"item_meta[13][]\" id=\"field_52158a-8\" value=\"C\u00c1MARA DE COMERCIO DE LA FORTUNA SAN CARLOS(TURISMO)\"  data-reqmsg=\"REFERIDO POR: no puede estar en blanco.\" data-invmsg=\"REFERIDO POR: no es v\u00e1lido\"   \/> C\u00c1MARA DE COMERCIO DE LA FORTUNA SAN CARLOS(TURISMO)<\/label><\/div>\n<\/div>\n\t<div class=\"frm_description\" id=\"frm_desc_field_52158a\">Seleccione quien le refierio llevar este curso<\/div>\n\t\n<\/div>\n<div id=\"frm_field_15_container\" class=\"frm_form_field form-field  frm_required_field frm_top_container frm6 vertical_radio\">\n\t<div  id=\"field_x5nis_label\" class=\"frm_primary_label\">CUANTO TIENE SU PYME?\n\t\t<span class=\"frm_required\" aria-hidden=\"true\">*<\/span>\n\t<\/div>\n\t<div class=\"frm_opt_container\" aria-labelledby=\"field_x5nis_label\" role=\"radiogroup\" aria-required=\"true\">\t\t<div class=\"frm_radio\" id=\"frm_radio_15-0\">\t\t\t<label  for=\"field_x5nis-0\">\n\t\t\t\t\t<input type=\"radio\" name=\"item_meta[15]\" id=\"field_x5nis-0\" value=\"EN PROYECTO\"\n\t\t   data-reqmsg=\"CUANTO TIENE SU PYME? no puede estar en blanco.\" data-invmsg=\"CUANTO TIENE SU PYME? no es v\u00e1lido\"  \/> EN PROYECTO<\/label><\/div>\n\t\t<div class=\"frm_radio\" id=\"frm_radio_15-1\">\t\t\t<label  for=\"field_x5nis-1\">\n\t\t\t\t\t<input type=\"radio\" name=\"item_meta[15]\" id=\"field_x5nis-1\" value=\"DE 1 A 2 A\u00d1OS\"\n\t\t   data-reqmsg=\"CUANTO TIENE SU PYME? no puede estar en blanco.\" data-invmsg=\"CUANTO TIENE SU PYME? no es v\u00e1lido\"  \/> DE 1 A 2 A\u00d1OS<\/label><\/div>\n\t\t<div class=\"frm_radio\" id=\"frm_radio_15-2\">\t\t\t<label  for=\"field_x5nis-2\">\n\t\t\t\t\t<input type=\"radio\" name=\"item_meta[15]\" id=\"field_x5nis-2\" value=\"DE 3 A 5 A\u00d1OS\"\n\t\t   data-reqmsg=\"CUANTO TIENE SU PYME? no puede estar en blanco.\" data-invmsg=\"CUANTO TIENE SU PYME? no es v\u00e1lido\"  \/> DE 3 A 5 A\u00d1OS<\/label><\/div>\n<\/div>\n\t<div class=\"frm_description\" id=\"frm_desc_field_x5nis\">Esta es la trayectoria de mi pyme<\/div>\n\t\n<\/div>\n<div id=\"frm_field_28_container\" class=\"frm_form_field form-field  frm_top_container frm12 frm_first\">\n\t<label for=\"field_zjya8\" id=\"field_zjya8_label\" class=\"frm_primary_label\">Me refirio:\n\t\t<span class=\"frm_required\" aria-hidden=\"true\"><\/span>\n\t<\/label>\n\t<input  type=\"text\" id=\"field_zjya8\" name=\"item_meta[28]\" value=\"\"  data-invmsg=\"Me refirio: no es v\u00e1lido\" aria-invalid=\"false\"   aria-describedby=\"frm_desc_field_zjya8\" \/>\n\t<div class=\"frm_description\" id=\"frm_desc_field_zjya8\">Ponga el nombre d e la persona que le refirio que llevara este curso:<\/div>\n\t\n<\/div>\n<div id=\"frm_field_10_container\" class=\"frm_form_field form-field  frm_required_field frm_top_container frm_full\">\n\t<label for=\"field_9jv0r12\" id=\"field_9jv0r12_label\" class=\"frm_primary_label\">RESE\u00d1A DE MI PYME\n\t\t<span class=\"frm_required\" aria-hidden=\"true\">*<\/span>\n\t<\/label>\n\t<textarea name=\"item_meta[10]\" id=\"field_9jv0r12\" rows=\"5\"  data-reqmsg=\"RESE\u00d1A DE MI PYME no puede estar en blanco.\" aria-required=\"true\" data-invmsg=\"RESE\u00d1A DE MI PYME no es v\u00e1lido\" aria-invalid=\"false\"   aria-describedby=\"frm_desc_field_9jv0r12\"><\/textarea>\n\t<div class=\"frm_description\" id=\"frm_desc_field_9jv0r12\">Cu\u00e9ntenos sobre su pyme, su visi\u00f3n, misi\u00f3n, sus estrategias y porque cree que es importante el encade3namiento entre pymes, y el apoyo de los gobiernos locales, cooperativas y banca del estado para una s\u00f3lida cadena de pymes.<\/div>\n\t\n<\/div>\n<div id=\"frm_field_23_container\" class=\"frm_form_field form-field  frm_top_container frm6 frm_first\">\n\t<label for=\"field_6u4fj\" id=\"field_6u4fj_label\" class=\"frm_primary_label\">Fecha\n\t\t<span class=\"frm_required\" aria-hidden=\"true\"><\/span>\n\t<\/label>\n\t<input type=\"text\" id=\"field_6u4fj\" name=\"item_meta[23]\" value=\"04\/07\/2026\"  maxlength=\"10\" data-frmval=\"04\/07\/2026\" data-invmsg=\"Fecha no es v\u00e1lido\" class=\"frm_date\" aria-invalid=\"false\"  \/>\n\t\n\t\n<\/div>\n<div id=\"frm_field_24_container\" class=\"frm_form_field form-field  frm_top_container frm6\">\n\t<div  id=\"field_zz5t2_label\" class=\"frm_primary_label\">Tiempo\n\t\t<span class=\"frm_required\" aria-hidden=\"true\"><\/span>\n\t<\/div>\n\t<div class=\"frm_time_wrap\"><span dir=\"ltr\">\r\n<select aria-label=\"Tiempo ... hora\" name=\"item_meta[24][H]\" id=\"field_zz5t2_H\"  data-frmval=\"{&quot;A&quot;:&quot;&quot;,&quot;H&quot;:&quot;07&quot;,&quot;m&quot;:&quot;15&quot;,&quot;s&quot;:&quot;11&quot;}\" data-invmsg=\"Tiempo no es v\u00e1lido\" class=\"auto_width frm_time_select\" aria-invalid=\"false\"  ><option value=\"\" ><\/option><option value=\"12\" >12<\/option><option value=\"1\" >1<\/option><option value=\"2\" >2<\/option><option value=\"3\" >3<\/option><option value=\"4\" >4<\/option><option value=\"5\" >5<\/option><option value=\"6\" >6<\/option><option value=\"7\"  selected='selected'>7<\/option><option value=\"8\" >8<\/option><option value=\"9\" >9<\/option><option value=\"10\" >10<\/option><option value=\"11\" >11<\/option><\/select>\r\n<span class=\"frm_time_sep\" aria-hidden=\"true\">:<\/span>\r\n<select aria-label=\"Tiempo ... minuto\" name=\"item_meta[24][m]\" id=\"field_zz5t2_m\"  data-frmval=\"{&quot;A&quot;:&quot;&quot;,&quot;H&quot;:&quot;07&quot;,&quot;m&quot;:&quot;15&quot;,&quot;s&quot;:&quot;11&quot;}\" data-invmsg=\"Tiempo no es v\u00e1lido\" class=\"auto_width frm_time_select auto_width frm_time_select\" aria-invalid=\"false\"  ><option value=\"\" ><\/option><option value=\"00\" >00<\/option><option value=\"05\" >05<\/option><option value=\"10\" >10<\/option><option value=\"15\"  selected='selected'>15<\/option><option value=\"20\" >20<\/option><option value=\"25\" >25<\/option><option value=\"30\" >30<\/option><option value=\"35\" >35<\/option><option value=\"40\" >40<\/option><option value=\"45\" >45<\/option><option value=\"50\" >50<\/option><option value=\"55\" >55<\/option><\/select>\r\n<\/span>\r\n<select aria-label=\"Tiempo\" name=\"item_meta[24][A]\" id=\"field_zz5t2_A\"  data-frmval=\"{&quot;A&quot;:&quot;&quot;,&quot;H&quot;:&quot;07&quot;,&quot;m&quot;:&quot;15&quot;,&quot;s&quot;:&quot;11&quot;}\" data-invmsg=\"Tiempo no es v\u00e1lido\" class=\"auto_width frm_time_select auto_width frm_time_select auto_width frm_time_select\" aria-invalid=\"false\"  ><option value=\"AM\"  selected='selected'>AM<\/option><option value=\"PM\" >PM<\/option><\/select>\r\n<\/div>\n\t\n\t\n<\/div>\n<div id=\"frm_field_25_container\" class=\"frm_form_field form-field  frm_required_field frm_top_container frm6 frm_first\">\n\t<label for=\"field_q7p4h\" id=\"field_q7p4h_label\" class=\"frm_primary_label\">SUBIR FOTO PASAPORTE\n\t\t<span class=\"frm_required\" aria-hidden=\"true\">*<\/span>\n\t<\/label>\n\t<input type=\"hidden\"  data-reqmsg=\"SUBIR FOTO PASAPORTE no puede estar en blanco.\" data-invmsg=\"SUBIR FOTO PASAPORTE no es v\u00e1lido\" class=\"auto_width\" aria-invalid=\"false\"   name=\"item_meta[25]\"  data-reqmsg=\"SUBIR FOTO PASAPORTE no puede estar en blanco.\"  value=\"\" data-frmfile=\"25\" \/>\n\n<div class=\"frm_dropzone frm_single_upload frm_clearfix\" id=\"file25_dropzone\" role=\"group\" >\n\t<div class=\"fallback\">\n\t\t<input type=\"file\" name=\"file25\" id=\"field_q7p4h\"\n\t\t\t data-reqmsg=\"SUBIR FOTO PASAPORTE no puede estar en blanco.\" data-invmsg=\"SUBIR FOTO PASAPORTE no es v\u00e1lido\" class=\"auto_width\" aria-invalid=\"false\"  \t\t\t\/>\n\t\t\t\t<div class=\"frm_clearfix \"><\/div>\n\t<\/div>\n\t<div class=\"dz-message needsclick\">\n\t\t\t\t<svg  viewBox=\"0 0 18 18\" class=\"frmsvg frm-svg-icon\">\n\t<path viewBox=\"0 0 18 18\" fill-rule=\"evenodd\" clip-rule=\"evenodd\" d=\"M8.2 4v8a.8.8 0 001.5 0V4l2.1 2.2A.7.7 0 1013 5L9.5 1.7a.7.7 0 00-1.1 0L5.1 5.2a.8.8 0 001 1l2.1-2zm7.6 4.3c.4 0 .7.3.7.7v6.8c0 .4-.3.7-.8.7H2.3a.8.8 0 01-.8-.8V9A.8.8 0 013 9v6h12V9c0-.4.3-.8.8-.8z\"><\/path>\n<\/svg>\t\t<span class=\"frm_upload_text\"><button type=\"button\" aria-label=\"SUBIR FOTO PASAPORTE. Arrastra un archivo aqu\u00ed o haz clic para cargar. Tama\u00f1o de subida requerido: 1MB - 6MB\">Arrastra un archivo aqu\u00ed o haz clic para cargar<\/button><\/span>\n\t\t<span class=\"frm_compact_text\"><button type=\"button\" aria-label=\"SUBIR FOTO PASAPORTE. Seleccionar Archivo. Tama\u00f1o de subida requerido: 1MB - 6MB\">Seleccionar Archivo<\/button><\/span>\n\t\t<div class=\"frm_small_text\">\n\t\t\t<p>Tama\u00f1o de subida requerido: 1MB &#8211; 6MB<\/p>\n\t\t<\/div>\n\t<\/div>\n<\/div>\n\t\n\t\n\t\n<\/div>\n<div id=\"frm_field_26_container\" class=\"frm_form_field form-field  frm_required_field frm_top_container frm6\">\n\t<label for=\"field_pfz2s\" id=\"field_pfz2s_label\" class=\"frm_primary_label\">SUBIR COPIA FRONTAL DE C\u00c9DULA PARA TITULO\n\t\t<span class=\"frm_required\" aria-hidden=\"true\">*<\/span>\n\t<\/label>\n\t<input type=\"hidden\"  data-reqmsg=\"SUBIR COPIA FRONTAL DE C\u00c9DULA PARA TITULO no puede estar en blanco.\" data-invmsg=\"SUBIR COPIA FRONTAL DE C\u00c9DULA PARA TITULO no es v\u00e1lido\" aria-invalid=\"false\"   name=\"item_meta[26]\"  data-reqmsg=\"SUBIR COPIA FRONTAL DE C\u00c9DULA PARA TITULO no puede estar en blanco.\"  value=\"\" data-frmfile=\"26\" \/>\n\n<div class=\"frm_dropzone frm_single_upload frm_clearfix\" id=\"file26_dropzone\" role=\"group\" >\n\t<div class=\"fallback\">\n\t\t<input type=\"file\" name=\"file26\" id=\"field_pfz2s\"\n\t\t\t data-reqmsg=\"SUBIR COPIA FRONTAL DE C\u00c9DULA PARA TITULO no puede estar en blanco.\" data-invmsg=\"SUBIR COPIA FRONTAL DE C\u00c9DULA PARA TITULO no es v\u00e1lido\" aria-invalid=\"false\"  \t\t\t\/>\n\t\t\t\t<div class=\"frm_clearfix \"><\/div>\n\t<\/div>\n\t<div class=\"dz-message needsclick\">\n\t\t\t\t<svg  viewBox=\"0 0 18 18\" class=\"frmsvg frm-svg-icon\">\n\t<path viewBox=\"0 0 18 18\" fill-rule=\"evenodd\" clip-rule=\"evenodd\" d=\"M8.2 4v8a.8.8 0 001.5 0V4l2.1 2.2A.7.7 0 1013 5L9.5 1.7a.7.7 0 00-1.1 0L5.1 5.2a.8.8 0 001 1l2.1-2zm7.6 4.3c.4 0 .7.3.7.7v6.8c0 .4-.3.7-.8.7H2.3a.8.8 0 01-.8-.8V9A.8.8 0 013 9v6h12V9c0-.4.3-.8.8-.8z\"><\/path>\n<\/svg>\t\t<span class=\"frm_upload_text\"><button type=\"button\" aria-label=\"SUBIR COPIA FRONTAL DE C\u00c9DULA PARA TITULO. Arrastra un archivo aqu\u00ed o haz clic para cargar. Tama\u00f1o m\u00e1ximo del archivo: 516MB\">Arrastra un archivo aqu\u00ed o haz clic para cargar<\/button><\/span>\n\t\t<span class=\"frm_compact_text\"><button type=\"button\" aria-label=\"SUBIR COPIA FRONTAL DE C\u00c9DULA PARA TITULO. Seleccionar Archivo. Tama\u00f1o m\u00e1ximo del archivo: 516MB\">Seleccionar Archivo<\/button><\/span>\n\t\t<div class=\"frm_small_text\">\n\t\t\t<p>Tama\u00f1o m\u00e1ximo del archivo: 516MB<\/p>\n\t\t<\/div>\n\t<\/div>\n<\/div>\n\t\n\t\n\t\n<\/div>\n<div id=\"frm_field_29_container\" class=\"frm_form_field form-field  frm_required_field frm_top_container vertical_radio\">\n\t<div  id=\"field_yu722_label\" class=\"frm_primary_label\">\n\t\t<span class=\"frm_required\" aria-hidden=\"true\">*<\/span>\n\t<\/div>\n\t<div class=\"frm_opt_container\" aria-labelledby=\"field_yu722_label\" role=\"group\">\t\t<div class=\"frm_checkbox\" id=\"frm_checkbox_29-0\">\t\t\t<label  for=\"field_yu722-0\">\n\t\t\t<input type=\"checkbox\" name=\"item_meta[29][]\" id=\"field_yu722-0\" value=\"Si estoy enterado\"  data-reqmsg=\"Este campo no puede estar en blanco.\" data-invmsg=\"Este campo no es v\u00e1lido\"   aria-required=\"true\"  \/> Si estoy enterado<\/label><\/div>\n<\/div>\n\t<div class=\"frm_description\" id=\"frm_desc_field_yu722\">SOS PURA VIDA .COM le brindara herramientas, tecnol\u00f3gicas y estrategias, para que su pyme logre el galard\u00f3n Pymes, Brindaremos Una plataforma gratuita para que su negocio se conozca entre una cartera de comercios a fines a una cadena de colaboraci\u00f3n de encadenamientos pymes en Costa Rica. Que brinda SOS PURA VIDA. Una plataforma Web donde promocionar sus productos y servicios, reuniones de estrategia y compartir con m\u00e1s pymes sus historias de proyectos y formar alianzas estrat\u00e9gicas entre c\u00e1maras de comercio asociaciones de desarrollo comunal.\r\n\r\nFacilitamos el crecimiento de una sociedad exitosa,\r\nsolidaria y con oportunidades reales para cada persona.\r\n<\/div>\n\t\n<\/div>\n<div id=\"frm_field_27_container\" class=\"frm_form_field form-field  frm_required_field frm_top_container vertical_radio\">\n\t<div  id=\"field_cuzya_label\" class=\"frm_primary_label\">Entiendo que este curso es gratuito, (INICIA EL 7 DE ABRIL 2026) y mi participaci\u00f3n corresponde a un espacio, en el curso me comprometo a finalizar el curso  y sacarle el m\u00e1ximo provecho\n\t\t<span class=\"frm_required\" aria-hidden=\"true\">*<\/span>\n\t<\/div>\n\t<div class=\"frm_opt_container\" aria-labelledby=\"field_cuzya_label\" role=\"group\">\t\t<div class=\"frm_checkbox\" id=\"frm_checkbox_27-0\">\t\t\t<label  for=\"field_cuzya-0\">\n\t\t\t<input type=\"checkbox\" name=\"item_meta[27][]\" id=\"field_cuzya-0\" value=\"Acepto\"  data-reqmsg=\"Entiendo que este curso es gratuito, (INICIA EL 7 DE ABRIL 2026) y mi participaci\u00f3n corresponde a un espacio, en el curso me comprometo a finalizar el curso  y sacarle el m\u00e1ximo provecho no puede estar en blanco.\" data-invmsg=\"Entiendo que este curso es gratuito, (INICIA EL 7 DE ABRIL 2026) y mi participaci\u00f3n corresponde a un espacio, en el curso me comprometo a finalizar el curso  y sacarle el m\u00e1ximo provecho no es v\u00e1lido\"   aria-required=\"true\"  \/> Acepto<\/label><\/div>\n<\/div>\n\t\n\t\n<\/div>\n<div id=\"frm_field_11_container\" class=\"frm_form_field form-field \">\n\t<div class=\"frm_submit\">\r\n\r\n<button class=\"frm_button_submit frm_final_submit\" type=\"submit\"   formnovalidate=\"formnovalidate\">LLEVAR EL CURSO<\/button>\r\n\r\n<\/div>\n<\/div>\n\t<input type=\"hidden\" name=\"item_key\" value=\"\" \/>\n\t\t\t<div id=\"frm_field_79_container\">\n\t\t\t<label for=\"field_zys9f\" >\n\t\t\t\tSi eres humano, deja este campo en blanco.\t\t\t<\/label>\n\t\t\t<input  id=\"field_zys9f\" type=\"text\" class=\"frm_form_field form-field frm_verify\" name=\"item_meta[79]\" value=\"\"  \/>\n\t\t<\/div>\n\t\t<input name=\"frm_state\" type=\"hidden\" value=\"xoeuRB6ZPnz7FC3OKye5LGzZlKOLJZ\/6Rwa2g1fCi0O\/bZOwMsP05xazFV8xv1cT\" \/><\/div>\n<\/fieldset>\n<\/div>\n\n<\/form>\n<\/div>\n","protected":false},"excerpt":{"rendered":"<p>\ud83d\udcc8 Curso Gratuito: Encadenamiento de Pymes \ud83c\udfaf Dirigido a: Sector Pyme, Cooperativas, Asociaciones de Desarrollo&#8230;<\/p>\n","protected":false},"author":1,"featured_media":0,"parent":0,"menu_order":0,"comment_status":"closed","ping_status":"closed","template":"","meta":{"footnotes":""},"class_list":["post-140","page","type-page","status-publish","hentry"],"_links":{"self":[{"href":"https:\/\/www.sospuravida.com\/index.php?rest_route=\/wp\/v2\/pages\/140","targetHints":{"allow":["GET"]}}],"collection":[{"href":"https:\/\/www.sospuravida.com\/index.php?rest_route=\/wp\/v2\/pages"}],"about":[{"href":"https:\/\/www.sospuravida.com\/index.php?rest_route=\/wp\/v2\/types\/page"}],"author":[{"embeddable":true,"href":"https:\/\/www.sospuravida.com\/index.php?rest_route=\/wp\/v2\/users\/1"}],"replies":[{"embeddable":true,"href":"https:\/\/www.sospuravida.com\/index.php?rest_route=%2Fwp%2Fv2%2Fcomments&post=140"}],"version-history":[{"count":6,"href":"https:\/\/www.sospuravida.com\/index.php?rest_route=\/wp\/v2\/pages\/140\/revisions"}],"predecessor-version":[{"id":322,"href":"https:\/\/www.sospuravida.com\/index.php?rest_route=\/wp\/v2\/pages\/140\/revisions\/322"}],"wp:attachment":[{"href":"https:\/\/www.sospuravida.com\/index.php?rest_route=%2Fwp%2Fv2%2Fmedia&parent=140"}],"curies":[{"name":"wp","href":"https:\/\/api.w.org\/{rel}","templated":true}]}}